{"id":13,"date":"2017-07-10T05:31:10","date_gmt":"2017-07-10T03:31:10","guid":{"rendered":"http:\/\/testamentsvollstrecker-saarland.de\/?page_id=13"},"modified":"2021-03-25T12:29:54","modified_gmt":"2021-03-25T11:29:54","slug":"impressum","status":"publish","type":"page","link":"http:\/\/testamentsvollstrecker-saarland.de\/?page_id=13","title":{"rendered":"Impressum"},"content":{"rendered":"<h2><span style=\"font-family: arial,helvetica,sans-serif;\">Verantwortlich<\/span><\/h2>\n<p><span style=\"font-family: arial,helvetica,sans-serif; font-size: 12pt;\">im Sinne des Presserechts, Teledienstegesetzes und Mediendienste-Staatsvertrages:<\/span><\/p>\n<p><span style=\"font-family: arial,helvetica,sans-serif; font-size: 12pt;\"><strong>Rechtsanwalt Marwin H. Roth<br \/>\n<\/strong><\/span><br \/>\n<span style=\"font-family: arial,helvetica,sans-serif; font-size: 12pt;\">Am Staden 9 (ehemaliges ADAC-Haus)<\/span><br \/>\n<span style=\"font-family: arial,helvetica,sans-serif; font-size: 12pt;\">D-66121 Saarbr\u00fccken<\/span><br \/>\n<span style=\"font-family: arial,helvetica,sans-serif; font-size: 12pt;\">Tel. 06 81\/58 20 20<\/span><br \/>\n<span style=\"font-family: arial,helvetica,sans-serif; font-size: 12pt;\">Fax 06 81\/58 20 23<\/span><br \/>\n<span style=\"font-family: arial,helvetica,sans-serif; font-size: 12pt;\">E-Mail: <a>info@roth-koll.de<\/a><\/span><br \/>\n<span style=\"font-family: arial,helvetica,sans-serif; font-size: 12pt;\">Internet: <a href=\"http:\/\/www.roth-koll.de\/\" target=\"_self\" rel=\"noopener noreferrer\">http:\/\/www.roth-koll.de<\/a><\/span><\/p>\n<p><span style=\"font-family: arial,helvetica,sans-serif; font-size: 12pt;\">Steuer-Nr. 040-26307223<\/span><\/p>\n<p><span style=\"font-family: arial,helvetica,sans-serif; font-size: 12pt;\">Marwin H. Roth ist als Rechtsanwalt zum Anwaltsberuf in der Bundesrepublik Deutschland zugelassen.<\/span><\/p>\n<h2><span style=\"font-family: arial,helvetica,sans-serif;\">Zust\u00e4ndige Aufsichtsbeh\u00f6rde<\/span><\/h2>\n<p><span style=\"font-family: arial,helvetica,sans-serif;\"><strong>Rechtsanwaltskammer des Saarlandes<\/strong><\/span><\/p>\n<p><span style=\"font-family: arial,helvetica,sans-serif;\">Am Schlo\u00dfberg 5<\/span><br \/>\n<span style=\"font-family: arial,helvetica,sans-serif;\">66119 Saarbr\u00fccken<\/span><br \/>\n<span style=\"font-family: arial,helvetica,sans-serif;\">Telefon: 0681\/58 82 80<\/span><br \/>\n<span style=\"font-family: arial,helvetica,sans-serif;\">Telefax: 0681\/58 10 47<\/span><br \/>\n<span style=\"font-family: arial,helvetica,sans-serif;\">E-Mail: <a>zentrale@rak-saar.de<\/a>)<\/span><\/p>\n<p><span style=\"font-family: arial,helvetica,sans-serif;\">Der Anwalt der Kanzlei Roth | Fachanwaltskanzlei unterliegen den nachfolgenden berufsrechtlichen Regelungen:<\/span><\/p>\n<ul>\n<li><span style=\"font-family: arial,helvetica,sans-serif;\">Bundesrechtsanwaltsordnung (BRAO)<\/span><\/li>\n<li><span style=\"font-family: arial,helvetica,sans-serif;\">Gesetz \u00fcber die Verg\u00fctung der Rechtsanw\u00e4ltinnen und Rechtsanw\u00e4lte (RVG)<\/span><\/li>\n<li><span style=\"font-family: arial,helvetica,sans-serif;\">Berufsordnung f\u00fcr Rechtsanw\u00e4lte (BORA)<\/span><\/li>\n<li><span style=\"font-family: arial,helvetica,sans-serif;\">Fachanwaltsordnung (FAO)<\/span><\/li>\n<li><span style=\"font-family: arial,helvetica,sans-serif;\">Standesregeln des Conseil des Barreaux de la Communaut\u00e9 Europ\u00e9enne (CCBE)<\/span><\/li>\n<li><span style=\"font-family: arial,helvetica,sans-serif;\">etc.<\/span><\/li>\n<\/ul>\n<p><span style=\"font-family: arial,helvetica,sans-serif;\">Alle berufsrechtlichen Regelungen sind \u00fcber die Homepage der <a href=\"http:\/\/www.brak.de\/\" target=\"_blank\" rel=\"noopener noreferrer\">Bundesrechtsanwaltskammer<\/a> nachzulesen.<\/span><\/p>\n<h2><span style=\"font-family: arial,helvetica,sans-serif;\">Haftpflichtversicherung<\/span><\/h2>\n<p><span style=\"font-family: arial,helvetica,sans-serif;\">Rechtsanw\u00e4ltinnen und Rechtsanw\u00e4lte sind aufgrund der Bundesrechtsanwaltsordnung verpflichtet, eine Berufshaftpflichtversicherung mit einer Mindestversicherungssumme von 250.000 Euro zu unterhalten. Die Einzelheiten ergeben sich aus \u00a7 51 BRAO. Die Anw\u00e4lte sind bei den nachfolgenden Versicherungsgesellschaften versichert:<\/span><\/p>\n<ul>\n<li><span style=\"font-family: arial,helvetica,sans-serif;\">Marwin H. Roth: HDI-Gerling Firmen und Privat Vers. AG, Postfach 10 22 51, 70018 Stuttgart<\/span><\/li>\n<\/ul>\n<h2><span style=\"font-family: arial,helvetica,sans-serif;\">Schieds- und Schlichtungsstelle f\u00fcr Geb\u00fchrenstreitigkeiten<\/span><\/h2>\n<p><span style=\"font-family: arial,helvetica,sans-serif;\">Allgemeine Informationspflicht nach \u00a7 36 VSBG<\/span><\/p>\n<p><span style=\"font-family: arial,helvetica,sans-serif;\">Zust\u00e4ndige Verbraucherschlichtungsstelle:<\/span><\/p>\n<p><span style=\"font-family: arial,helvetica,sans-serif;\">F\u00fcr verm\u00f6gensrechtliche Streitigkeiten aus dem Mandatsverh\u00e4ltnis ist die Schlichtungsstelle der Rechtsanwaltschaft, Neue Gr\u00fcnstra\u00dfe 17,10179 Berlin, <a href=\"http:\/\/www.s-d-r.org\/\">www.s-d-r.org<\/a>, zust\u00e4ndig.<\/span><\/p>\n<p><span style=\"font-family: arial,helvetica,sans-serif;\">Der Fachanwalt Marwin H. Roth ist grunds\u00e4tzlich bereit, an Streitbeilegungsverfahren bei der Schlichtungsstelle der Rechtsanwaltschaft teilzunehmen.<\/span><\/p>\n<h2><span style=\"font-family: arial,helvetica,sans-serif;\">Informationen zur Online-Streitbeilegung<\/span><\/h2>\n<p><span style=\"font-family: arial,helvetica,sans-serif;\">Die Europ\u00e4ische Kommission stellt eine Plattform zur Online-Streitbeilegung (OS) bereit. Diese Plattform finden Sie unter folgendem Link:\u00a0<a href=\"http:\/\/ec.europa.eu\/consumers\/odr\/\" target=\"_blank\" rel=\"noopener noreferrer\">http:\/\/ec.europa.eu\/consumers\/odr\/<\/a>. Verbraucher k\u00f6nnen diese Plattform nutzen, um ihre Streitigkeiten aus Online-Vertr\u00e4gen beizulegen, soweit sich der jeweilige Anbieter an dem Streitschlichtungsverfahren\u00a0der Online-Schlichtungsstelle beteiligt.<\/span><\/p>\n<p><span style=\"font-family: arial,helvetica,sans-serif;\">Information nach \u00a7 36 VSBG:<\/span><br \/>\n<span style=\"font-family: arial,helvetica,sans-serif;\">Wir beteiligen uns nicht an dem vorgenannten Schlichtungsverfahren mittels der vorstehend verlinkten Online-Schlichtungsstelle. Die Nutzung der Online-Schlichtungsstelle stellt keine zwingende Voraussetzung f\u00fcr das Anrufen ordentlicher Gerichte dar.<\/span><\/p>\n<p style=\"text-align: justify;\"><span style=\"font-family: arial,helvetica,sans-serif; font-size: 12pt;\">\u00a0<\/span><\/p>\n<p style=\"text-align: justify;\"><span style=\"font-family: arial,helvetica,sans-serif; font-size: 12pt;\"><strong>Bildnachweise<\/strong>:<\/span><br \/>\n<span style=\"font-family: arial,helvetica,sans-serif; font-size: 12pt;\"> \u2022Paragraph: \u00a9 Stockfotos-MG \/ fotolia<\/span><br \/>\n<span style=\"font-family: arial,helvetica,sans-serif; font-size: 12pt;\"> \u2022Testament mit Personen im Hintergrund: \u00a9 Stockfotos-MG \/ fotolia<br \/>\n\u2022Vorsorge Uhr\u00a0: \u00a9 Stockfotos-MG \/ fotolia<br \/>\n<\/span><\/p>\n<p style=\"text-align: justify;\"><span style=\"font-family: arial,helvetica,sans-serif; font-size: 12pt;\">\u00a0<\/span><\/p>\n","protected":false},"excerpt":{"rendered":"<p>Verantwortlich im Sinne des Presserechts, Teledienstegesetzes und Mediendienste-Staatsvertrages: Rechtsanwalt Marwin H. Roth Am Staden 9 (ehemaliges ADAC-Haus) D-66121 Saarbr\u00fccken Tel. 06 81\/58 20 20 Fax 06 81\/58 20 23 E-Mail: info@roth-koll.de Internet: http:\/\/www.roth-koll.de Steuer-Nr. 040-26307223 Marwin H. Roth ist als Rechtsanwalt zum Anwaltsberuf in der Bundesrepublik Deutschland zugelassen. Zust\u00e4ndige Aufsichtsbeh\u00f6rde Rechtsanwaltskammer des Saarlandes Am Schlo\u00dfberg &#8230;<\/p>\n","protected":false},"author":1,"featured_media":0,"parent":0,"menu_order":0,"comment_status":"closed","ping_status":"closed","template":"","meta":[],"_links":{"self":[{"href":"http:\/\/testamentsvollstrecker-saarland.de\/index.php?rest_route=\/wp\/v2\/pages\/13"}],"collection":[{"href":"http:\/\/testamentsvollstrecker-saarland.de\/index.php?rest_route=\/wp\/v2\/pages"}],"about":[{"href":"http:\/\/testamentsvollstrecker-saarland.de\/index.php?rest_route=\/wp\/v2\/types\/page"}],"author":[{"embeddable":true,"href":"http:\/\/testamentsvollstrecker-saarland.de\/index.php?rest_route=\/wp\/v2\/users\/1"}],"replies":[{"embeddable":true,"href":"http:\/\/testamentsvollstrecker-saarland.de\/index.php?rest_route=%2Fwp%2Fv2%2Fcomments&post=13"}],"version-history":[{"count":20,"href":"http:\/\/testamentsvollstrecker-saarland.de\/index.php?rest_route=\/wp\/v2\/pages\/13\/revisions"}],"predecessor-version":[{"id":189,"href":"http:\/\/testamentsvollstrecker-saarland.de\/index.php?rest_route=\/wp\/v2\/pages\/13\/revisions\/189"}],"wp:attachment":[{"href":"http:\/\/testamentsvollstrecker-saarland.de\/index.php?rest_route=%2Fwp%2Fv2%2Fmedia&parent=13"}],"curies":[{"name":"wp","href":"https:\/\/api.w.org\/{rel}","templated":true}]}}